{"id":12118,"date":"2023-09-08T12:27:07","date_gmt":"2023-09-08T12:27:07","guid":{"rendered":"https:\/\/ak.buster.rs\/?page_id=12118"},"modified":"2024-12-17T12:01:42","modified_gmt":"2024-12-17T12:01:42","slug":"usluge","status":"publish","type":"page","link":"https:\/\/ak.buster.rs\/de\/usluge\/","title":{"rendered":"Leistungen"},"content":{"rendered":"<div data-elementor-type=\"wp-page\" data-elementor-id=\"12118\" class=\"elementor elementor-12118\">\n\t\t\t\t\t\t<section class=\"elementor-section elementor-top-section elementor-element elementor-element-270311f elementor-section-stretched elementor-section-boxed elementor-section-height-default elementor-section-height-default\" data-id=\"270311f\" data-element_type=\"section\" data-settings=\"{&quot;stretch_section&quot;:&quot;section-stretched&quot;,&quot;background_background&quot;:&quot;classic&quot;}\">\n\t\t\t\t\t\t<div class=\"elementor-container elementor-column-gap-no\">\n\t\t\t\t\t<div class=\"elementor-column elementor-col-100 elementor-top-column elementor-element elementor-element-c532a03\" data-id=\"c532a03\" data-element_type=\"column\">\n\t\t\t<div class=\"elementor-widget-wrap elementor-element-populated\">\n\t\t\t\t\t\t<div class=\"elementor-element elementor-element-622e8f0 jet-breadcrumbs-page-title-yes elementor-widget elementor-widget-jet-breadcrumbs\" data-id=\"622e8f0\" data-element_type=\"widget\" data-widget_type=\"jet-breadcrumbs.default\">\n\t\t\t\t<div class=\"elementor-widget-container\">\n\t\t\t<div class=\"elementor-jet-breadcrumbs jet-blocks\">\n\t\t<div class=\"jet-breadcrumbs\">\n\t\t<div class=\"jet-breadcrumbs__content\">\n\t\t<div class=\"jet-breadcrumbs__wrap\"><div class=\"jet-breadcrumbs__item\"><a href=\"https:\/\/ak.buster.rs\/de\/\" class=\"jet-breadcrumbs__item-link is-home\" rel=\"home\" title=\"Heim\">Heim<\/a><\/div>\n\t\t<\/div>\n\t\t<\/div>\n\t\t<\/div><\/div>\t\t<\/div>\n\t\t\t\t<\/div>\n\t\t\t\t\t<\/div>\n\t\t<\/div>\n\t\t\t\t\t<\/div>\n\t\t<\/section>\n\t\t<div class=\"elementor-element elementor-element-344eaa2 e-flex e-con-boxed e-con e-parent\" data-id=\"344eaa2\" data-element_type=\"container\">\n\t\t\t\t\t<div class=\"e-con-inner\">\n\t\t\t\t<div class=\"elementor-element elementor-element-9491b00 elementor-view-default elementor-widget elementor-widget-icon\" data-id=\"9491b00\" data-element_type=\"widget\" data-widget_type=\"icon.default\">\n\t\t\t\t<div class=\"elementor-widget-container\">\n\t\t\t\t\t<div class=\"elementor-icon-wrapper\">\n\t\t\t<div class=\"elementor-icon\">\n\t\t\t<svg xmlns=\"http:\/\/www.w3.org\/2000\/svg\" xmlns:xlink=\"http:\/\/www.w3.org\/1999\/xlink\" width=\"512\" height=\"512\" x=\"0\" y=\"0\" viewbox=\"0 0 52 52\" style=\"enable-background:new 0 0 512 512\" xml:space=\"preserve\" class=\"\"><circle r=\"26\" cx=\"26\" cy=\"26\" fill=\"#da251e\" transform=\"matrix(1,0,0,1,0,0)\"><\/circle><g transform=\"matrix(0.5499999999999997,0,0,0.5499999999999997,11.699778610467915,11.700005900859848)\"><path d=\"m48.446 3.404-1.32-.655c-2.071-1.027-4.511-.337-5.442 1.54l-2.925 5.896c-.434.876-.052 1.96.866 2.461l-.66 1.329c-.948-.435-2.044-.084-2.483.798l-.954 1.923a1 1 0 0 0 .452 1.34l.816.405-2.324 4.68h-2.937v-5.463c0-.35.193-.69.517-.907a7.522 7.522 0 0 0 3.321-6.244 7.537 7.537 0 0 0-3.935-6.628 1.268 1.268 0 0 0-1.267.028c-.392.233-.636.66-.636 1.115v3.861l-1.628 1.34c-.032.028-.105.03-.158-.014l-1.61-1.326V5.022c0-.455-.244-.881-.635-1.115a1.274 1.274 0 0 0-1.27-.028 7.537 7.537 0 0 0-3.934 6.628 7.52 7.52 0 0 0 3.321 6.243c.324.219.518.558.518.908v5.463H17.14l-3.229-9.017a1.307 1.307 0 0 1 .068-1.059.83.83 0 0 1 1.07-.365 1 1 0 0 0 .751.032l1.743-.621a1.793 1.793 0 0 0 1.077-2.303l-1.58-4.35c-.316-.93-1.338-1.425-2.29-1.102l-1.11.395c-.724.245-1.312.801-1.662 1.577a.665.665 0 0 1-.397.344c-.176.062-.358.06-.481-.004-.79-.417-1.634-.499-2.389-.23l-2.449.899c-1.605.59-2.927 1.564-3.824 2.813-1.781 2.485-1.375 4.942-.973 6.187.174.54.653.926 1.219.984.56.062 1.09-.21 1.342-.657.268-.415.565-.67.972-.831.488-.196 1.096-.17 1.67.076.038.016.08.03.122.042.387.163.854.457 1.037.962l2.228 6.228H6.07a3.201 3.201 0 0 0-3.2 3.21 3.2 3.2 0 0 0 2.642 3.143v14.79c0 1.313.466 2.52 1.241 3.463h-3.98a1 1 0 0 0 0 2h46.452a1 1 0 0 0 0-2h-3.98a5.438 5.438 0 0 0 1.242-3.464V29.476a3.188 3.188 0 0 0 2.643-3.145c0-1.77-1.436-3.21-3.2-3.21h-4.713l.992-1.995.817.406c.49.243 1.093.047 1.34-.452l.954-1.922c.423-.853.088-1.94-.866-2.462l.66-1.329c.963.441 2.053.07 2.483-.798l2.921-5.888c.933-1.88.003-4.247-2.072-5.277zm-41 10.634a.936.936 0 0 0-.089-.029c-1.045-.422-2.145-.439-3.1-.053a3.768 3.768 0 0 0-1.116.677c-.1-.968.067-2.142.923-3.337.662-.923 1.662-1.65 2.89-2.102l2.44-.897c.285-.101.606.032.78.123.621.322 1.38.364 2.078.117.706-.251 1.275-.773 1.556-1.419.066-.146.216-.406.49-.498l.926-.33 1.448 3.988-1.206.43a2.812 2.812 0 0 0-3.26 1.412 3.252 3.252 0 0 0-.375 1.533c0 .38.067.758.198 1.125l2.962 8.27h-2.837L9.71 16.217c-.351-.971-1.155-1.745-2.264-2.178zm17.294 1.054a5.524 5.524 0 0 1-2.44-4.585c0-1.598.683-3.091 1.839-4.129v2.978a1 1 0 0 0 .364.771l1.969 1.62c.79.661 1.967.658 2.723.006l1.975-1.626a1 1 0 0 0 .365-.771V6.379a5.543 5.543 0 0 1-.601 8.713c-.876.591-1.399 1.55-1.399 2.566v5.463h-3.396v-5.463c0-1.015-.523-1.974-1.399-2.566zm10.993 14.439h4.2v4.43c0 .097-.078.176-.176.176H35.91a.177.177 0 0 1-.177-.177zm-23.668 0h4.201v4.43c0 .097-.08.176-.177.176h-3.847a.177.177 0 0 1-.177-.177zm-2 0v4.43c0 1.2.977 2.176 2.177 2.176h3.847a2.18 2.18 0 0 0 2.177-2.177v-4.43h15.467v4.43c0 1.2.977 2.177 2.177 2.177h3.847a2.18 2.18 0 0 0 2.177-2.177v-4.43h2.553v14.733a3.457 3.457 0 0 1-3.448 3.458H10.96a3.457 3.457 0 0 1-3.447-3.458V29.531zm37.065-3.2c0 .694-.572 1.2-1.2 1.2-69.75-.008-2.38-.003-39.86 0-.662 0-1.2-.539-1.2-1.2 0-.699.562-1.21 1.2-1.21h39.86c.661 0 1.2.543 1.2 1.21zm-6.713-6.092-1.399 2.81h-2.277l1.847-3.719 1.829.909zm8.31-12.447-2.842 5.728c-.953-.435-2.047-.081-2.484.798l-.819 1.65c-.425.857-.083 1.943.867 2.463l-.43.864-5.255-2.606.43-.867c.944.431 2.047.083 2.484-.798l.818-1.65c.225-.453.24-.987.042-1.467a2.012 2.012 0 0 0-.907-.995l2.844-5.735c.441-.887 1.68-1.173 2.762-.636l1.32.654c1.087.54 1.612 1.705 1.17 2.597z\" fill=\"#ffffff\" opacity=\"1\" data-original=\"#000000\" class=\"\"><\/path><path d=\"M11.845 45.105a1 1 0 0 0 1-1v-4.862a1 1 0 0 0-2 0v4.862a1 1 0 0 0 1 1zM17.507 45.105a1 1 0 0 0 1-1v-4.862a1 1 0 0 0-2 0v4.862a1 1 0 0 0 1 1zM23.169 45.105a1 1 0 0 0 1-1v-9.78a1 1 0 0 0-2 0v9.78a1 1 0 0 0 1 1zM28.83 45.105a1 1 0 0 0 1-1v-9.78a1 1 0 0 0-2 0v9.78a1 1 0 0 0 1 1zM34.492 45.105a1 1 0 0 0 1-1v-4.862a1 1 0 0 0-2 0v4.862a1 1 0 0 0 1 1zM40.154 45.105a1 1 0 0 0 1-1v-4.862a1 1 0 0 0-2 0v4.862a1 1 0 0 0 1 1z\" fill=\"#ffffff\" opacity=\"1\" data-original=\"#000000\" class=\"\"><\/path><\/g><\/svg>\t\t\t<\/div>\n\t\t<\/div>\n\t\t\t\t<\/div>\n\t\t\t\t<\/div>\n\t\t\t\t<div class=\"elementor-element elementor-element-209a9c6 elementor-widget elementor-widget-heading\" data-id=\"209a9c6\" data-element_type=\"widget\" data-widget_type=\"heading.default\">\n\t\t\t\t<div class=\"elementor-widget-container\">\n\t\t\t<style>\/*! elementor - v3.22.0 - 26-06-2024 *\/\n.elementor-heading-title{padding:0;margin:0;line-height:1}.elementor-widget-heading .elementor-heading-title[class*=elementor-size-]>a{color:inherit;font-size:inherit;line-height:inherit}.elementor-widget-heading .elementor-heading-title.elementor-size-small{font-size:15px}.elementor-widget-heading .elementor-heading-title.elementor-size-medium{font-size:19px}.elementor-widget-heading .elementor-heading-title.elementor-size-large{font-size:29px}.elementor-widget-heading .elementor-heading-title.elementor-size-xl{font-size:39px}.elementor-widget-heading .elementor-heading-title.elementor-size-xxl{font-size:59px}<\/style><h2 class=\"elementor-heading-title elementor-size-default\">Werkzeugbau<\/h2>\t\t<\/div>\n\t\t\t\t<\/div>\n\t\t\t\t<div class=\"elementor-element elementor-element-d7b4453 elementor-widget elementor-widget-text-editor\" data-id=\"d7b4453\" data-element_type=\"widget\" data-widget_type=\"text-editor.default\">\n\t\t\t\t<div class=\"elementor-widget-container\">\n\t\t\t<style>\/*! elementor - v3.22.0 - 26-06-2024 *\/\n.elementor-widget-text-editor.elementor-drop-cap-view-stacked .elementor-drop-cap{background-color:#69727d;color:#fff}.elementor-widget-text-editor.elementor-drop-cap-view-framed .elementor-drop-cap{color:#69727d;border:3px solid;background-color:transparent}.elementor-widget-text-editor:not(.elementor-drop-cap-view-default) .elementor-drop-cap{margin-top:8px}.elementor-widget-text-editor:not(.elementor-drop-cap-view-default) .elementor-drop-cap-letter{width:1em;height:1em}.elementor-widget-text-editor .elementor-drop-cap{float:left;text-align:center;line-height:1;font-size:50px}.elementor-widget-text-editor .elementor-drop-cap-letter{display:inline-block}<\/style>\t\t\t\t<div class=\"group w-full text-token-text-primary border-b border-black\/10 gizmo:border-0 dark:border-gray-900\/50 gizmo:dark:border-0 bg-gray-50 gizmo:bg-transparent dark:bg-[#444654] gizmo:dark:bg-transparent\" data-testid=\"conversation-turn-15\"><div class=\"p-4 justify-center text-base md:gap-6 md:py-6 m-auto\"><div class=\"flex flex-1 gap-4 text-base mx-auto md:gap-6 gizmo:gap-3 gizmo:md:px-5 gizmo:lg:px-1 gizmo:xl:px-5 md:max-w-2xl lg:max-w-[38rem] gizmo:md:max-w-3xl gizmo:lg:max-w-[40rem] gizmo:xl:max-w-[48rem] xl:max-w-3xl }\"><div class=\"relative flex w-[calc(100%-50px)] flex-col gizmo:w-full lg:w-[calc(100%-115px)] agent-turn\"><div class=\"flex-col gap-1 md:gap-3\"><div class=\"flex flex-grow flex-col gap-3 max-w-full\"><div class=\"min-h-[20px] flex flex-col items-start gap-3 whitespace-pre-wrap break-words overflow-x-auto\"><div class=\"markdown prose w-full break-words dark:prose-invert dark\"><ul><li>Kunststoff-Spritzgusswerkzeuge<\/li><li>Blaswerkzeuge<\/li><li>Aluminium-Spritzgusswerkzeuge<\/li><li>Werkzeuge und Modelle f\u00fcr den Grauguss und Nichteisenmetallguss<\/li><li>Schmiedewerkzeuge<\/li><li>Stanz- und Schneidwerkzeuge<\/li><li>Biegewerkzeuge<\/li><li>Tiefziehwerkzeuge<\/li><\/ul><\/div><\/div><\/div><\/div><\/div><\/div><\/div><\/div>\t\t\t\t\t\t<\/div>\n\t\t\t\t<\/div>\n\t\t\t\t\t<\/div>\n\t\t\t\t<\/div>\n\t\t<div class=\"elementor-element elementor-element-43434a6 e-flex e-con-boxed e-con e-parent\" data-id=\"43434a6\" data-element_type=\"container\" data-settings=\"{&quot;background_background&quot;:&quot;classic&quot;}\">\n\t\t\t\t\t<div class=\"e-con-inner\">\n\t\t\t\t<div class=\"elementor-element elementor-element-724d9c7 elementor-view-default elementor-widget elementor-widget-icon\" data-id=\"724d9c7\" data-element_type=\"widget\" data-widget_type=\"icon.default\">\n\t\t\t\t<div class=\"elementor-widget-container\">\n\t\t\t\t\t<div class=\"elementor-icon-wrapper\">\n\t\t\t<div class=\"elementor-icon\">\n\t\t\t<svg xmlns=\"http:\/\/www.w3.org\/2000\/svg\" xmlns:xlink=\"http:\/\/www.w3.org\/1999\/xlink\" width=\"512\" height=\"512\" x=\"0\" y=\"0\" viewbox=\"0 0 59 59\" style=\"enable-background:new 0 0 512 512\" xml:space=\"preserve\" class=\"\"><circle r=\"29.5\" cx=\"29.5\" cy=\"29.5\" fill=\"#da251e\"><\/circle><g transform=\"matrix(0.5499999999999999,0,0,0.5499999999999999,13.274910579551943,13.27283878326416)\"><path d=\"M25.5 40a6.5 6.5 0 1 0-6.5-6.5 6.51 6.51 0 0 0 6.5 6.5zm0-11a4.5 4.5 0 1 1-4.5 4.5 4.51 4.51 0 0 1 4.5-4.5z\" fill=\"#ffffff\" opacity=\"1\" data-original=\"#000000\" class=\"\"><\/path><path d=\"M2.46 27.72a3 3 0 0 0-2.46 3v5.66a3 3 0 0 0 2.46 3l5.85 1.06c.06.16.13.32.2.47L5.12 45.7a3 3 0 0 0 .35 3.83l4 4a3 3 0 0 0 3.83.34l4.89-3.39.47.2 1.06 5.85a3 3 0 0 0 3 2.46h5.66a3 3 0 0 0 3-2.46l1.06-5.85.47-.2 4.89 3.39a3 3 0 0 0 3.83-.35l3.22-3.21a1.004 1.004 0 0 0-1.38-1.46l-3.26 3.26a1 1 0 0 1-1.27.12l-4-2.78A18.28 18.28 0 0 0 40.76 44a1.001 1.001 0 0 0-1.66-1.12c-4.748 6.916-13.929 9.17-21.339 5.237-7.41-3.933-10.69-12.8-7.622-20.608C13.207 19.7 21.645 15.437 29.75 17.6a1.002 1.002 0 0 0 .5-1.94 18.83 18.83 0 0 0-9.43 0l.86-4.79a1 1 0 0 1 1-.82H26a1 1 0 0 0 0-2h-3.33a3 3 0 0 0-3 2.46l-1.06 5.85-.47.2-4.84-3.44a3 3 0 0 0-3.83.35l-4 4a3 3 0 0 0-.34 3.83l3.39 4.89c-.07.15-.14.31-.2.47zM2 36.33v-5.66a1 1 0 0 1 .82-1l4.78-.86a18.55 18.55 0 0 0 0 9.36l-4.78-.86a1 1 0 0 1-.82-.98zM30.18 51.4l-.86 4.78a1 1 0 0 1-1 .82h-5.65a1 1 0 0 1-1-.82l-.86-4.78a18.44 18.44 0 0 0 9.37 0zm-14-1.93-4 2.77a1 1 0 0 1-1.27-.11l-4-4a1 1 0 0 1-.12-1.27l2.77-4a18.53 18.53 0 0 0 6.61 6.61zM6.87 18.89l4-4a1 1 0 0 1 1.27-.12l4 2.77a18.53 18.53 0 0 0-6.64 6.64l-2.77-4a1 1 0 0 1 .14-1.29z\" fill=\"#ffffff\" opacity=\"1\" data-original=\"#000000\" class=\"\"><\/path><path d=\"M57 0H31a2 2 0 0 0-2 2v9a1.92 1.92 0 0 0 1 1.71c.403.24.874.341 1.34.29 2.87 7.19 2.21 5.52 3.23 8.06A2 2 0 0 0 33 23v3a2 2 0 0 0 2 2h1v3a2 2 0 0 0 2 2h1v6a1 1 0 0 0 .4.8l3.6 2.7V46a1 1 0 0 0 2 0v-3.5l3.6-2.7a1 1 0 0 0 .4-.8v-6h1a2 2 0 0 0 2-2v-3h1a2 2 0 0 0 2-2v-3a2 2 0 0 0-1.55-1.94L56.68 13H57a2 2 0 0 0 2-2V2a2 2 0 0 0-2-2zM47 38.5l-3 2.25-3-2.25V33h6zM53 26h-9a1 1 0 0 0 0 2h6v3H38v-3h2a1 1 0 0 0 0-2h-5v-3h18zm-1.68-5H36.68l-3.2-8h21zM57 11H31V2h26z\" fill=\"#ffffff\" opacity=\"1\" data-original=\"#000000\" class=\"\"><\/path><path d=\"M34 6h2a1 1 0 0 0 0-2h-2a1 1 0 0 0 0 2zM40 6h14a1 1 0 0 0 0-2H40a1 1 0 0 0 0 2zM19.89 22.55a1 1 0 0 0-1.34-.44C14.33 24.22 12 28.44 12 34a1 1 0 0 0 2 0c0-4.76 1.93-8.35 5.45-10.11a1 1 0 0 0 .44-1.34z\" fill=\"#ffffff\" opacity=\"1\" data-original=\"#000000\" class=\"\"><\/path><circle cx=\"22\" cy=\"21\" r=\"1\" fill=\"#ffffff\" opacity=\"1\" data-original=\"#000000\" class=\"\"><\/circle><\/g><\/svg>\t\t\t<\/div>\n\t\t<\/div>\n\t\t\t\t<\/div>\n\t\t\t\t<\/div>\n\t\t\t\t<div class=\"elementor-element elementor-element-db52554 elementor-widget elementor-widget-heading\" data-id=\"db52554\" data-element_type=\"widget\" data-widget_type=\"heading.default\">\n\t\t\t\t<div class=\"elementor-widget-container\">\n\t\t\t<h2 class=\"elementor-heading-title elementor-size-default\">Bearbeitung<\/h2>\t\t<\/div>\n\t\t\t\t<\/div>\n\t\t\t\t<div class=\"elementor-element elementor-element-22a8625 elementor-widget elementor-widget-text-editor\" data-id=\"22a8625\" data-element_type=\"widget\" data-widget_type=\"text-editor.default\">\n\t\t\t\t<div class=\"elementor-widget-container\">\n\t\t\t\t\t\t\t<ul><li>Mahlen<\/li><li>Bohren<\/li><li>Schaben<\/li><li>Schleifen<\/li><li>Gro\u00dfserienfertigung von Produkten bis 20mm Durchmesser<\/li><li>Draht- und Elektrodenerosion<\/li><li>Laserschwei\u00dfen<\/li><li>Temperieren<\/li><li>Nitrieren<\/li><li>Zementierung<\/li><li>Verbesserung<\/li><\/ul>\t\t\t\t\t\t<\/div>\n\t\t\t\t<\/div>\n\t\t\t\t\t<\/div>\n\t\t\t\t<\/div>\n\t\t<div class=\"elementor-element elementor-element-09b131c e-flex e-con-boxed e-con e-parent\" data-id=\"09b131c\" data-element_type=\"container\">\n\t\t\t\t\t<div class=\"e-con-inner\">\n\t\t\t\t<div class=\"elementor-element elementor-element-2d0e994 elementor-view-default elementor-widget elementor-widget-icon\" data-id=\"2d0e994\" data-element_type=\"widget\" data-widget_type=\"icon.default\">\n\t\t\t\t<div class=\"elementor-widget-container\">\n\t\t\t\t\t<div class=\"elementor-icon-wrapper\">\n\t\t\t<div class=\"elementor-icon\">\n\t\t\t<svg xmlns=\"http:\/\/www.w3.org\/2000\/svg\" xmlns:xlink=\"http:\/\/www.w3.org\/1999\/xlink\" width=\"512\" height=\"512\" x=\"0\" y=\"0\" viewbox=\"0 0 512 512\" style=\"enable-background:new 0 0 512 512\" xml:space=\"preserve\" class=\"\"><circle r=\"256\" cx=\"256\" cy=\"256\" fill=\"#da251e\" transform=\"matrix(1,0,0,1,0,0)\"><\/circle><g transform=\"matrix(0.7,0,0,0.7,76.80012044906618,76.80005493164063)\"><path d=\"M499.83 333.243 319.004 215.03v-70.906h12.021a7 7 0 0 0 7-7V63.271h29.125a7 7 0 0 0 7-7V16a7 7 0 0 0-7-7H144.852a7 7 0 0 0-7 7v40.271a7 7 0 0 0 7 7h29.124v73.853a7 7 0 0 0 7 7h12.021v70.906L12.17 333.243a7.001 7.001 0 0 0 0 11.719l240 156.897a6.997 6.997 0 0 0 7.66 0l240-156.897a7 7 0 0 0 0-11.719zM256 318.53c-20.329 0-36.867-16.538-36.867-36.866v-16.659h73.734v16.659c0 20.328-16.538 36.866-36.867 36.866zm36.867-67.525h-73.734v-16.001h73.734zm12.137-30.001h-98.008v-46.879h98.008zM151.852 23H360.15v26.271H151.852zm36.124 40.271h16.01v42.265a7 7 0 1 0 14 0V63.271h16.01v42.265a7 7 0 1 0 14 0V63.271h16.01v42.265a7 7 0 1 0 14 0V63.271h16.009v42.265a7 7 0 1 0 14 0V63.271h16.011v66.853h-136.05zm117.028 80.853v16.001h-98.008v-16.001zM256 487.637 28.792 339.103 86.77 301.2l145.43 95.075a6.995 6.995 0 0 0 9.689-2.029 7 7 0 0 0-2.029-9.689l-140.298-91.72 94.228-61.601a6.995 6.995 0 0 0 6.206 3.768h5.137v46.66c0 25.672 19.121 46.95 43.867 50.373v71.434a7 7 0 1 0 14 0v-71.434c24.746-3.423 43.867-24.701 43.867-50.373v-46.66h5.137a6.997 6.997 0 0 0 6.206-3.768l164.999 107.866zm77.854-197.083a7 7 0 0 1 7 12.124c-8.32 4.803-11.418 12.361-15.006 21.113-4.149 10.123-8.852 21.597-22.304 29.364a6.994 6.994 0 0 1-9.561-2.563 6.999 6.999 0 0 1 2.562-9.562c9.312-5.377 12.573-13.335 16.351-22.55 3.982-9.716 8.497-20.732 20.958-27.926zm-115.836 60.039a7 7 0 0 1-9.562 2.563c-12.461-7.194-16.976-18.21-20.959-27.929-3.777-9.215-7.039-17.173-16.351-22.548a7 7 0 0 1 7-12.124c13.452 7.767 18.155 19.24 22.304 29.363 3.588 8.752 6.686 16.311 15.006 21.113a7.001 7.001 0 0 1 2.562 9.562zm122.537-5.924c3.983-9.719 8.498-20.734 20.959-27.929a7.001 7.001 0 0 1 7 12.124c-8.32 4.803-11.418 12.361-15.006 21.113-4.149 10.123-8.852 21.597-22.304 29.364a6.994 6.994 0 0 1-9.561-2.563 6.999 6.999 0 0 1 2.562-9.562c9.311-5.374 12.572-13.332 16.35-22.547z\" fill=\"#ffffff\" opacity=\"1\" data-original=\"#000000\" class=\"\"><\/path><\/g><\/svg>\t\t\t<\/div>\n\t\t<\/div>\n\t\t\t\t<\/div>\n\t\t\t\t<\/div>\n\t\t\t\t<div class=\"elementor-element elementor-element-62586c8 elementor-widget elementor-widget-heading\" data-id=\"62586c8\" data-element_type=\"widget\" data-widget_type=\"heading.default\">\n\t\t\t\t<div class=\"elementor-widget-container\">\n\t\t\t<h2 class=\"elementor-heading-title elementor-size-default\">Laserschneiden 3 kW\/h<\/h2>\t\t<\/div>\n\t\t\t\t<\/div>\n\t\t\t\t\t<\/div>\n\t\t\t\t<\/div>\n\t\t\t\t<\/div>","protected":false},"excerpt":{"rendered":"<p>Naslovna Izrada alata Alati za brizganje plastike Alati za duvanje Alati za brizganje aluminijuma Alati i modeli za livenje sivog liva i obojenih metala Alati za kovanje Alati za probijanje i prosecanje Alati za savijanje Alati za duboko izvla\u010denje Ma\u0161inska obrada Glodanje Bu\u0161enje Struganje Bru\u0161enje Veliko serijska proizvodnja proizvoda do 20mm pre\u010dnika Erodiranje zicom i [&hellip;]<\/p>","protected":false},"author":1,"featured_media":0,"parent":0,"menu_order":0,"comment_status":"closed","ping_status":"closed","template":"elementor_header_footer","meta":{"footnotes":""},"class_list":["post-12118","page","type-page","status-publish","hentry"],"_links":{"self":[{"href":"https:\/\/ak.buster.rs\/de\/wp-json\/wp\/v2\/pages\/12118","targetHints":{"allow":["GET"]}}],"collection":[{"href":"https:\/\/ak.buster.rs\/de\/wp-json\/wp\/v2\/pages"}],"about":[{"href":"https:\/\/ak.buster.rs\/de\/wp-json\/wp\/v2\/types\/page"}],"author":[{"embeddable":true,"href":"https:\/\/ak.buster.rs\/de\/wp-json\/wp\/v2\/users\/1"}],"replies":[{"embeddable":true,"href":"https:\/\/ak.buster.rs\/de\/wp-json\/wp\/v2\/comments?post=12118"}],"version-history":[{"count":0,"href":"https:\/\/ak.buster.rs\/de\/wp-json\/wp\/v2\/pages\/12118\/revisions"}],"wp:attachment":[{"href":"https:\/\/ak.buster.rs\/de\/wp-json\/wp\/v2\/media?parent=12118"}],"curies":[{"name":"wp","href":"https:\/\/api.w.org\/{rel}","templated":true}]}}